{"id":15,"date":"2025-06-04T14:40:15","date_gmt":"2025-06-04T14:40:15","guid":{"rendered":"https:\/\/centrostudigiorgiolapirabelmontemezzagno.it\/?page_id=15"},"modified":"2025-06-24T09:11:22","modified_gmt":"2025-06-24T09:11:22","slug":"statuto","status":"publish","type":"page","link":"https:\/\/centrostudigiorgiolapirabelmontemezzagno.it\/index.php\/statuto\/","title":{"rendered":"STATUTO E DECRETO"},"content":{"rendered":"\n<div class=\"wp-block-columns alignfull is-layout-flex wp-container-core-columns-is-layout-9d6595d7 wp-block-columns-is-layout-flex\">\n<div class=\"wp-block-column is-layout-flow wp-block-column-is-layout-flow\">\n<\/div>\n<\/div>\n\n\n\n<div style=\"height:50px\" aria-hidden=\"true\" class=\"wp-block-spacer\"><\/div>\n\n\n<div class=\"gb-container gb-container-9ade663c\">\n\n<h2 class=\"gb-headline gb-headline-3081ed32 gb-headline-text\">Statuto<\/h2>\n\n\n\n<h3 class=\"wp-block-heading\"><strong><em>&#8220;Statuto La Pira&#8221;<\/em><\/strong><\/h3>\n\n\n\n<hr class=\"wp-block-separator has-alpha-channel-opacity\" style=\"margin-top:var(--wp--preset--spacing--30);margin-bottom:var(--wp--preset--spacing--60)\"\/>\n\n\n\n<a class=\"gb-button gb-button-2203eb23\" href=\"https:\/\/centrostudigiorgiolapirabelmontemezzagno.it\/wp-content\/uploads\/2025\/06\/atto-statuto-registrato-centro-la-pira.pdf\" target=\"_blank\" rel=\"noopener noreferrer\"><span class=\"gb-icon\"><svg xmlns=\"http:\/\/www.w3.org\/2000\/svg\" height=\"40px\" viewBox=\"0 -960 960 960\" width=\"40px\" fill=\"#000\"><path d=\"M480-315.33 284.67-510.67l47.33-48L446.67-444v-356h66.66v356L628-558.67l47.33 48L480-315.33ZM226.67-160q-27 0-46.84-19.83Q160-199.67 160-226.67V-362h66.67v135.33h506.66V-362H800v135.33q0 27-19.83 46.84Q760.33-160 733.33-160H226.67Z\"><\/path><\/svg><\/span><span class=\"gb-button-text\">Scarica lo Statuto Centro La Pira<\/span><\/a>\n\n<\/div>\n\n\n<div style=\"height:30px\" aria-hidden=\"true\" class=\"wp-block-spacer\"><\/div>\n\n\n<div class=\"gb-container gb-container-e689144b\">\n\n<h2 class=\"gb-headline gb-headline-2d6a1a87 gb-headline-text\">Decreto di Iscrizione al R.U.N.T.S.<\/h2>\n\n\n\n<h3 class=\"wp-block-heading\"><strong><em>&#8220;Decreto&#8221;<\/em><\/strong><\/h3>\n\n\n\n<hr class=\"wp-block-separator has-alpha-channel-opacity\" style=\"margin-top:var(--wp--preset--spacing--30);margin-bottom:var(--wp--preset--spacing--60)\"\/>\n\n\n\n<a class=\"gb-button gb-button-eed864e1\" href=\"https:\/\/centrostudigiorgiolapirabelmontemezzagno.it\/wp-content\/uploads\/2025\/06\/Decreto-Centro-Studi-G.-La-Pira.pdf\" target=\"_blank\" rel=\"noopener noreferrer\"><span class=\"gb-icon\"><svg xmlns=\"http:\/\/www.w3.org\/2000\/svg\" height=\"40px\" viewBox=\"0 -960 960 960\" width=\"40px\" fill=\"#000\"><path d=\"M480-315.33 284.67-510.67l47.33-48L446.67-444v-356h66.66v356L628-558.67l47.33 48L480-315.33ZM226.67-160q-27 0-46.84-19.83Q160-199.67 160-226.67V-362h66.67v135.33h506.66V-362H800v135.33q0 27-19.83 46.84Q760.33-160 733.33-160H226.67Z\"><\/path><\/svg><\/span><span class=\"gb-button-text\">Scarica il Decreto<\/span><\/a>\n\n<\/div>","protected":false},"excerpt":{"rendered":"<p>Statuto &#8220;Statuto La Pira&#8221; Decreto di Iscrizione al R.U.N.T.S. &#8220;Decreto&#8221;<\/p>\n","protected":false},"author":1,"featured_media":0,"parent":0,"menu_order":0,"comment_status":"closed","ping_status":"closed","template":"","meta":{"_acf_changed":false,"footnotes":""},"class_list":["post-15","page","type-page","status-publish","hentry"],"acf":[],"yoast_head":"<!-- This site is optimized with the Yoast SEO plugin v27.4 - https:\/\/yoast.com\/product\/yoast-seo-wordpress\/ -->\n<title>STATUTO E DECRETO - Centro Studi Giorgio La Pira<\/title>\n<meta name=\"description\" content=\"Consulta lo statuto e il decreto costitutivo del Centro Studi Giorgio La Pira, documenti ufficiali che ne definiscono struttura, finalit\u00e0 e modalit\u00e0 operative. Il nostro statuto riflette i principi ispirati alla figura di Giorgio La Pira, promuovendo attivit\u00e0 culturali, sociali e formative nel rispetto delle normative vigenti. Scopri tutte le informazioni legali e istituzionali per conoscere meglio il nostro impegno come Ente del Terzo Settore.\" \/>\n<meta name=\"robots\" content=\"index, follow, max-snippet:-1, max-image-preview:large, max-video-preview:-1\" \/>\n<link rel=\"canonical\" href=\"https:\/\/centrostudigiorgiolapirabelmontemezzagno.it\/index.php\/statuto\/\" \/>\n<meta property=\"og:locale\" content=\"it_IT\" \/>\n<meta property=\"og:type\" content=\"article\" \/>\n<meta property=\"og:title\" content=\"STATUTO E DECRETO - Centro Studi Giorgio La Pira\" \/>\n<meta property=\"og:description\" content=\"Consulta lo statuto e il decreto costitutivo del Centro Studi Giorgio La Pira, documenti ufficiali che ne definiscono struttura, finalit\u00e0 e modalit\u00e0 operative. Il nostro statuto riflette i principi ispirati alla figura di Giorgio La Pira, promuovendo attivit\u00e0 culturali, sociali e formative nel rispetto delle normative vigenti. Scopri tutte le informazioni legali e istituzionali per conoscere meglio il nostro impegno come Ente del Terzo Settore.\" \/>\n<meta property=\"og:url\" content=\"https:\/\/centrostudigiorgiolapirabelmontemezzagno.it\/index.php\/statuto\/\" \/>\n<meta property=\"og:site_name\" content=\"Centro Studi Giorgio La Pira\" \/>\n<meta property=\"article:modified_time\" content=\"2025-06-24T09:11:22+00:00\" \/>\n<meta name=\"twitter:card\" content=\"summary_large_image\" \/>\n<meta name=\"twitter:label1\" content=\"Tempo di lettura stimato\" \/>\n\t<meta name=\"twitter:data1\" content=\"1 minuto\" \/>\n<script type=\"application\/ld+json\" class=\"yoast-schema-graph\">{\"@context\":\"https:\\\/\\\/schema.org\",\"@graph\":[{\"@type\":\"WebPage\",\"@id\":\"https:\\\/\\\/centrostudigiorgiolapirabelmontemezzagno.it\\\/index.php\\\/statuto\\\/\",\"url\":\"https:\\\/\\\/centrostudigiorgiolapirabelmontemezzagno.it\\\/index.php\\\/statuto\\\/\",\"name\":\"STATUTO E DECRETO - Centro Studi Giorgio La Pira\",\"isPartOf\":{\"@id\":\"https:\\\/\\\/centrostudigiorgiolapirabelmontemezzagno.it\\\/#website\"},\"datePublished\":\"2025-06-04T14:40:15+00:00\",\"dateModified\":\"2025-06-24T09:11:22+00:00\",\"description\":\"Consulta lo statuto e il decreto costitutivo del Centro Studi Giorgio La Pira, documenti ufficiali che ne definiscono struttura, finalit\u00e0 e modalit\u00e0 operative. Il nostro statuto riflette i principi ispirati alla figura di Giorgio La Pira, promuovendo attivit\u00e0 culturali, sociali e formative nel rispetto delle normative vigenti. Scopri tutte le informazioni legali e istituzionali per conoscere meglio il nostro impegno come Ente del Terzo Settore.\",\"breadcrumb\":{\"@id\":\"https:\\\/\\\/centrostudigiorgiolapirabelmontemezzagno.it\\\/index.php\\\/statuto\\\/#breadcrumb\"},\"inLanguage\":\"it-IT\",\"potentialAction\":[{\"@type\":\"ReadAction\",\"target\":[\"https:\\\/\\\/centrostudigiorgiolapirabelmontemezzagno.it\\\/index.php\\\/statuto\\\/\"]}]},{\"@type\":\"BreadcrumbList\",\"@id\":\"https:\\\/\\\/centrostudigiorgiolapirabelmontemezzagno.it\\\/index.php\\\/statuto\\\/#breadcrumb\",\"itemListElement\":[{\"@type\":\"ListItem\",\"position\":1,\"name\":\"Home\",\"item\":\"https:\\\/\\\/centrostudigiorgiolapirabelmontemezzagno.it\\\/\"},{\"@type\":\"ListItem\",\"position\":2,\"name\":\"STATUTO E DECRETO\"}]},{\"@type\":\"WebSite\",\"@id\":\"https:\\\/\\\/centrostudigiorgiolapirabelmontemezzagno.it\\\/#website\",\"url\":\"https:\\\/\\\/centrostudigiorgiolapirabelmontemezzagno.it\\\/\",\"name\":\"Centro Studi Giorgio La Pira\",\"description\":\"\",\"publisher\":{\"@id\":\"https:\\\/\\\/centrostudigiorgiolapirabelmontemezzagno.it\\\/#organization\"},\"alternateName\":\"Centro Studi Belmonte Mezzagno La Pira\",\"potentialAction\":[{\"@type\":\"SearchAction\",\"target\":{\"@type\":\"EntryPoint\",\"urlTemplate\":\"https:\\\/\\\/centrostudigiorgiolapirabelmontemezzagno.it\\\/?s={search_term_string}\"},\"query-input\":{\"@type\":\"PropertyValueSpecification\",\"valueRequired\":true,\"valueName\":\"search_term_string\"}}],\"inLanguage\":\"it-IT\"},{\"@type\":\"Organization\",\"@id\":\"https:\\\/\\\/centrostudigiorgiolapirabelmontemezzagno.it\\\/#organization\",\"name\":\"Centro Studi Giorgio La Pira\",\"url\":\"https:\\\/\\\/centrostudigiorgiolapirabelmontemezzagno.it\\\/\",\"logo\":{\"@type\":\"ImageObject\",\"inLanguage\":\"it-IT\",\"@id\":\"https:\\\/\\\/centrostudigiorgiolapirabelmontemezzagno.it\\\/#\\\/schema\\\/logo\\\/image\\\/\",\"url\":\"https:\\\/\\\/centrostudigiorgiolapirabelmontemezzagno.it\\\/wp-content\\\/uploads\\\/2025\\\/06\\\/LOGO-STUDIO-FINALE.png\",\"contentUrl\":\"https:\\\/\\\/centrostudigiorgiolapirabelmontemezzagno.it\\\/wp-content\\\/uploads\\\/2025\\\/06\\\/LOGO-STUDIO-FINALE.png\",\"width\":501,\"height\":498,\"caption\":\"Centro Studi Giorgio La Pira\"},\"image\":{\"@id\":\"https:\\\/\\\/centrostudigiorgiolapirabelmontemezzagno.it\\\/#\\\/schema\\\/logo\\\/image\\\/\"}}]}<\/script>\n<!-- \/ Yoast SEO plugin. -->","yoast_head_json":{"title":"STATUTO E DECRETO - Centro Studi Giorgio La Pira","description":"Consulta lo statuto e il decreto costitutivo del Centro Studi Giorgio La Pira, documenti ufficiali che ne definiscono struttura, finalit\u00e0 e modalit\u00e0 operative. Il nostro statuto riflette i principi ispirati alla figura di Giorgio La Pira, promuovendo attivit\u00e0 culturali, sociali e formative nel rispetto delle normative vigenti. Scopri tutte le informazioni legali e istituzionali per conoscere meglio il nostro impegno come Ente del Terzo Settore.","robots":{"index":"index","follow":"follow","max-snippet":"max-snippet:-1","max-image-preview":"max-image-preview:large","max-video-preview":"max-video-preview:-1"},"canonical":"https:\/\/centrostudigiorgiolapirabelmontemezzagno.it\/index.php\/statuto\/","og_locale":"it_IT","og_type":"article","og_title":"STATUTO E DECRETO - Centro Studi Giorgio La Pira","og_description":"Consulta lo statuto e il decreto costitutivo del Centro Studi Giorgio La Pira, documenti ufficiali che ne definiscono struttura, finalit\u00e0 e modalit\u00e0 operative. Il nostro statuto riflette i principi ispirati alla figura di Giorgio La Pira, promuovendo attivit\u00e0 culturali, sociali e formative nel rispetto delle normative vigenti. Scopri tutte le informazioni legali e istituzionali per conoscere meglio il nostro impegno come Ente del Terzo Settore.","og_url":"https:\/\/centrostudigiorgiolapirabelmontemezzagno.it\/index.php\/statuto\/","og_site_name":"Centro Studi Giorgio La Pira","article_modified_time":"2025-06-24T09:11:22+00:00","twitter_card":"summary_large_image","twitter_misc":{"Tempo di lettura stimato":"1 minuto"},"schema":{"@context":"https:\/\/schema.org","@graph":[{"@type":"WebPage","@id":"https:\/\/centrostudigiorgiolapirabelmontemezzagno.it\/index.php\/statuto\/","url":"https:\/\/centrostudigiorgiolapirabelmontemezzagno.it\/index.php\/statuto\/","name":"STATUTO E DECRETO - Centro Studi Giorgio La Pira","isPartOf":{"@id":"https:\/\/centrostudigiorgiolapirabelmontemezzagno.it\/#website"},"datePublished":"2025-06-04T14:40:15+00:00","dateModified":"2025-06-24T09:11:22+00:00","description":"Consulta lo statuto e il decreto costitutivo del Centro Studi Giorgio La Pira, documenti ufficiali che ne definiscono struttura, finalit\u00e0 e modalit\u00e0 operative. Il nostro statuto riflette i principi ispirati alla figura di Giorgio La Pira, promuovendo attivit\u00e0 culturali, sociali e formative nel rispetto delle normative vigenti. Scopri tutte le informazioni legali e istituzionali per conoscere meglio il nostro impegno come Ente del Terzo Settore.","breadcrumb":{"@id":"https:\/\/centrostudigiorgiolapirabelmontemezzagno.it\/index.php\/statuto\/#breadcrumb"},"inLanguage":"it-IT","potentialAction":[{"@type":"ReadAction","target":["https:\/\/centrostudigiorgiolapirabelmontemezzagno.it\/index.php\/statuto\/"]}]},{"@type":"BreadcrumbList","@id":"https:\/\/centrostudigiorgiolapirabelmontemezzagno.it\/index.php\/statuto\/#breadcrumb","itemListElement":[{"@type":"ListItem","position":1,"name":"Home","item":"https:\/\/centrostudigiorgiolapirabelmontemezzagno.it\/"},{"@type":"ListItem","position":2,"name":"STATUTO E DECRETO"}]},{"@type":"WebSite","@id":"https:\/\/centrostudigiorgiolapirabelmontemezzagno.it\/#website","url":"https:\/\/centrostudigiorgiolapirabelmontemezzagno.it\/","name":"Centro Studi Giorgio La Pira","description":"","publisher":{"@id":"https:\/\/centrostudigiorgiolapirabelmontemezzagno.it\/#organization"},"alternateName":"Centro Studi Belmonte Mezzagno La Pira","potentialAction":[{"@type":"SearchAction","target":{"@type":"EntryPoint","urlTemplate":"https:\/\/centrostudigiorgiolapirabelmontemezzagno.it\/?s={search_term_string}"},"query-input":{"@type":"PropertyValueSpecification","valueRequired":true,"valueName":"search_term_string"}}],"inLanguage":"it-IT"},{"@type":"Organization","@id":"https:\/\/centrostudigiorgiolapirabelmontemezzagno.it\/#organization","name":"Centro Studi Giorgio La Pira","url":"https:\/\/centrostudigiorgiolapirabelmontemezzagno.it\/","logo":{"@type":"ImageObject","inLanguage":"it-IT","@id":"https:\/\/centrostudigiorgiolapirabelmontemezzagno.it\/#\/schema\/logo\/image\/","url":"https:\/\/centrostudigiorgiolapirabelmontemezzagno.it\/wp-content\/uploads\/2025\/06\/LOGO-STUDIO-FINALE.png","contentUrl":"https:\/\/centrostudigiorgiolapirabelmontemezzagno.it\/wp-content\/uploads\/2025\/06\/LOGO-STUDIO-FINALE.png","width":501,"height":498,"caption":"Centro Studi Giorgio La Pira"},"image":{"@id":"https:\/\/centrostudigiorgiolapirabelmontemezzagno.it\/#\/schema\/logo\/image\/"}}]}},"_links":{"self":[{"href":"https:\/\/centrostudigiorgiolapirabelmontemezzagno.it\/index.php\/wp-json\/wp\/v2\/pages\/15","targetHints":{"allow":["GET"]}}],"collection":[{"href":"https:\/\/centrostudigiorgiolapirabelmontemezzagno.it\/index.php\/wp-json\/wp\/v2\/pages"}],"about":[{"href":"https:\/\/centrostudigiorgiolapirabelmontemezzagno.it\/index.php\/wp-json\/wp\/v2\/types\/page"}],"author":[{"embeddable":true,"href":"https:\/\/centrostudigiorgiolapirabelmontemezzagno.it\/index.php\/wp-json\/wp\/v2\/users\/1"}],"replies":[{"embeddable":true,"href":"https:\/\/centrostudigiorgiolapirabelmontemezzagno.it\/index.php\/wp-json\/wp\/v2\/comments?post=15"}],"version-history":[{"count":9,"href":"https:\/\/centrostudigiorgiolapirabelmontemezzagno.it\/index.php\/wp-json\/wp\/v2\/pages\/15\/revisions"}],"predecessor-version":[{"id":327,"href":"https:\/\/centrostudigiorgiolapirabelmontemezzagno.it\/index.php\/wp-json\/wp\/v2\/pages\/15\/revisions\/327"}],"wp:attachment":[{"href":"https:\/\/centrostudigiorgiolapirabelmontemezzagno.it\/index.php\/wp-json\/wp\/v2\/media?parent=15"}],"curies":[{"name":"wp","href":"https:\/\/api.w.org\/{rel}","templated":true}]}}