{"id":17,"date":"2025-06-04T14:40:30","date_gmt":"2025-06-04T14:40:30","guid":{"rendered":"https:\/\/centrostudigiorgiolapirabelmontemezzagno.it\/?page_id=17"},"modified":"2025-06-24T07:53:57","modified_gmt":"2025-06-24T07:53:57","slug":"ente-terzo-settore","status":"publish","type":"page","link":"https:\/\/centrostudigiorgiolapirabelmontemezzagno.it\/index.php\/ente-terzo-settore\/","title":{"rendered":"ENTE TERZO SETTORE"},"content":{"rendered":"\n<div class=\"wp-block-columns alignfull is-layout-flex wp-container-core-columns-is-layout-9d6595d7 wp-block-columns-is-layout-flex\">\n<div class=\"wp-block-column is-layout-flow wp-block-column-is-layout-flow\">\n<\/div>\n<\/div>\n\n\n\n<div style=\"height:50px\" aria-hidden=\"true\" class=\"wp-block-spacer\"><\/div>\n\n\n\n<div class=\"wp-block-columns are-vertically-aligned-center is-layout-flex wp-container-core-columns-is-layout-9d6595d7 wp-block-columns-is-layout-flex\">\n<div class=\"wp-block-column is-vertically-aligned-center is-layout-flow wp-block-column-is-layout-flow\" style=\"flex-basis:100%\">\n<h1 class=\"wp-block-heading has-text-align-center\">Chi sono gli Enti del Terzo Settore?<\/h1>\n<\/div>\n<\/div>\n\n\n\n<div class=\"gb-element-2dc30dc4\">\n<p>Gli Enti del Terzo Settore (ETS) sono&nbsp;<strong>organizzazioni non commerciali o commerciali<\/strong>, costituite come Associazione, Comitato, Fondazione o impresa che, perseguendo finalit\u00e0 civiche, solidaristiche e di utilit\u00e0 sociale, si caratterizzano per lo svolgimento in esclusiva o in via principale di&nbsp;<strong>una o pi\u00f9 attivit\u00e0 di interesse generale<\/strong>&nbsp;e per l\u2019<strong>assenza di scopo di lucro<\/strong>.<br>Sono&nbsp;<strong>regolamentati dal Codice del Terzo Settore<\/strong>&nbsp;che definisce anche l\u2019elenco delle attivit\u00e0 di interesse generale, lo svolgimento di attivit\u00e0 diverse e le modalit\u00e0 di iscrizione al Registro Unico Nazionale del Terzo Settore (RUNTS).<\/p>\n\n\n\n<p>Un Ente del Terzo Settore pu\u00f2 ottenere una qualifica specifica:<\/p>\n\n\n\n<ul class=\"wp-block-list\">\n<li><a href=\"https:\/\/italianonprofit.it\/risorse\/definizioni\/organizzazioni-di-volontariato\/\">Organizzazione di Volontariato<\/a>;<\/li>\n\n\n\n<li><a href=\"https:\/\/italianonprofit.it\/risorse\/definizioni\/associazioni-promozione-sociale\/\">Associazione di Promozione Sociale<\/a>;<\/li>\n\n\n\n<li><a href=\"https:\/\/italianonprofit.it\/risorse\/definizioni\/imprese-sociali\/\">Impresa Sociale<\/a>;<\/li>\n\n\n\n<li><a href=\"https:\/\/italianonprofit.it\/risorse\/definizioni\/enti-filantropici\/\">Ente Filantropico<\/a>.<\/li>\n<\/ul>\n\n\n\n<p>Tutti gli Enti del Terzo Settore hanno il&nbsp;<strong>divieto di distribuire utili,&nbsp;<\/strong>ad eccezione delle&nbsp;<strong>Imprese Sociali<\/strong>&nbsp;che hanno comunque vincoli molto stretti.<br>Non possono essere riconosciuti come Enti del Terzo Settore gli enti pubblici (e gli enti da essi controllati), gli enti privati con finalit\u00e0 economiche (associazioni di categoria o professionali), i sindacati, i partiti politici e le societ\u00e0 commerciali non riconosciute come Imprese Sociali.<br>Gli&nbsp;<a href=\"https:\/\/italianonprofit.it\/risorse\/definizioni\/enti-religiosi\/\">Enti Religiosi<\/a>&nbsp;possono invece ottenere il riconoscimento se svolgono almeno una delle attivit\u00e0 di interesse generale definite dalla legge; il riconoscimento pu\u00f2 anche essere limitato ad una parte dell\u2019Ente in presenza di una netta divisione organizzativa delle funzioni.<\/p>\n<\/div>\n\n\n\n<div style=\"height:50px\" aria-hidden=\"true\" class=\"wp-block-spacer\"><\/div>\n\n\n\n<div class=\"wp-block-columns is-layout-flex wp-container-core-columns-is-layout-9d6595d7 wp-block-columns-is-layout-flex\">\n<div class=\"wp-block-column is-layout-flow wp-block-column-is-layout-flow\">\n<h1 class=\"wp-block-heading has-text-align-center\">Come si costituisce un ETS?<\/h1>\n<\/div>\n<\/div>\n\n\n\n<div class=\"gb-element-ea5eff43\">\n<p>Le modalit\u00e0 costitutive di un Ente del Terzo Settore variano in base alle&nbsp;<strong>caratteristiche civilistiche<\/strong>&nbsp;(se l\u2019ente ha forma giuridica di Associazione, Fondazione, societ\u00e0 commerciale) e alla presenza o meno del riconoscimento della&nbsp;<strong>personalit\u00e0 giuridica privata<\/strong>&nbsp;(obbligatoria per Fondazioni e societ\u00e0 commerciali).<\/p>\n\n\n\n<p>A livello generale la costituzione avviene sottoscrivendo Atto Costitutivo e&nbsp;<a href=\"https:\/\/italianonprofit.it\/risorse\/definizioni\/statuto\/\">Statuto<\/a>, eleggendo i primi organi sociali e richiedendo il codice fiscale all\u2019Agenzia delle Entrate. In seguito si procede con la richiesta di iscrizione all\u2019ufficio del&nbsp;<strong>Registro Unico nazionale del Terzo Settore (RUNTS)<\/strong>&nbsp;competente per territorio.<br>In presenza dei requisiti specifici, si pu\u00f2 valutare di richiedere la qualifica di Impresa Sociale, Ente Filantropico, Organizzazione di Volontariato e Associazione di Promozione Sociale.<\/p>\n<\/div>\n\n\n\n<div style=\"height:50px\" aria-hidden=\"true\" class=\"wp-block-spacer\"><\/div>\n\n\n\n<div class=\"wp-block-columns is-layout-flex wp-container-core-columns-is-layout-9d6595d7 wp-block-columns-is-layout-flex\">\n<div class=\"wp-block-column is-layout-flow wp-block-column-is-layout-flow\">\n<h1 class=\"wp-block-heading has-text-align-center\">Bilanci e rendiconti degli ETS<\/h1>\n<\/div>\n<\/div>\n\n\n\n<div>\n<p class=\"has-text-align-left\">Gli\u00a0<strong>ETS non commerciali con entrate inferiori a 220.000 euro<\/strong>\u00a0possono tenere un rendiconto di cassa delle entrate e delle spese complessive mentre gli ETS con ricavi, rendite, proventi o entrate comunque denominate<strong>\u00a0superiori a 100.000 euro<\/strong>\u00a0devono in ogni caso pubblicare annualmente e tenere aggiornati nel proprio sito internet gli eventuali emolumenti, compensi o corrispettivi a qualsiasi titolo attribuiti ai componenti degli organi di amministrazione e controllo, ai dirigenti nonch\u00e9 agli associati.<br>Gli\u00a0<strong>ETS con ricavi, rendite, proventi o entrate comunque denominate uguali o superiori a 220.000 euro<\/strong>\u00a0devono redigere il bilancio di esercizio formato dallo stato patrimoniale, dal rendiconto gestionale, con l\u2019indicazione, dei proventi e degli oneri, dell\u2019ente, e dalla relazione di missione che illustra le poste di bilancio, l\u2019andamento economico e finanziario dell\u2019ente e le modalit\u00e0 di perseguimento delle finalit\u00e0 statutarie.<br>Per gli altri il bilancio pu\u00f2 essere redatto nella forma dei\u00a0<strong>rendiconto di cassa<\/strong>.<br>Gli\u00a0<strong>ETS con ricavi, rendite, proventi o entrate comunque denominate superiori a 1 milione di euro<\/strong>\u00a0devono depositare il bilancio sociale \u2013 redatto secondo le linee guida ministeriali \u2013 presso il Registro Unico nazionale del Terzo settore, e pubblicarlo nel proprio\u00a0<strong>sito internet<\/strong>.<\/p>\n<\/div>\n","protected":false},"excerpt":{"rendered":"<p>Chi sono gli Enti del Terzo Settore? Gli Enti del Terzo Settore (ETS) sono&nbsp;organizzazioni non commerciali o commerciali, costituite come Associazione, Comitato, Fondazione o impresa che, perseguendo finalit\u00e0 civiche, solidaristiche e di utilit\u00e0 sociale, si caratterizzano per lo svolgimento in esclusiva o in via principale di&nbsp;una o pi\u00f9 attivit\u00e0 di interesse generale&nbsp;e per l\u2019assenza di [&hellip;]<\/p>\n","protected":false},"author":1,"featured_media":0,"parent":0,"menu_order":0,"comment_status":"closed","ping_status":"closed","template":"","meta":{"_acf_changed":false,"footnotes":""},"class_list":["post-17","page","type-page","status-publish","hentry"],"acf":[],"yoast_head":"<!-- This site is optimized with the Yoast SEO plugin v27.4 - https:\/\/yoast.com\/product\/yoast-seo-wordpress\/ -->\n<title>ENTE TERZO SETTORE - Centro Studi Giorgio La Pira<\/title>\n<meta name=\"description\" content=\"Il Centro Studi Giorgio La Pira \u00e8 un Ente del Terzo Settore (ETS) iscritto al Registro Unico Nazionale del Terzo Settore (RUNTS). Promuoviamo attivit\u00e0 culturali, formative e sociali ispirate ai valori della solidariet\u00e0, della cittadinanza attiva e del bene comune. Operiamo senza fini di lucro, con l\u2019obiettivo di contribuire allo sviluppo umano e civile della societ\u00e0. Scopri i nostri progetti, le finalit\u00e0 statutarie e le modalit\u00e0 per collaborare o sostenere le nostre attivit\u00e0\" \/>\n<meta name=\"robots\" content=\"index, follow, max-snippet:-1, max-image-preview:large, max-video-preview:-1\" \/>\n<link rel=\"canonical\" href=\"https:\/\/centrostudigiorgiolapirabelmontemezzagno.it\/index.php\/ente-terzo-settore\/\" \/>\n<meta property=\"og:locale\" content=\"it_IT\" \/>\n<meta property=\"og:type\" content=\"article\" \/>\n<meta property=\"og:title\" content=\"ENTE TERZO SETTORE - Centro Studi Giorgio La Pira\" \/>\n<meta property=\"og:description\" content=\"Il Centro Studi Giorgio La Pira \u00e8 un Ente del Terzo Settore (ETS) iscritto al Registro Unico Nazionale del Terzo Settore (RUNTS). Promuoviamo attivit\u00e0 culturali, formative e sociali ispirate ai valori della solidariet\u00e0, della cittadinanza attiva e del bene comune. Operiamo senza fini di lucro, con l\u2019obiettivo di contribuire allo sviluppo umano e civile della societ\u00e0. Scopri i nostri progetti, le finalit\u00e0 statutarie e le modalit\u00e0 per collaborare o sostenere le nostre attivit\u00e0\" \/>\n<meta property=\"og:url\" content=\"https:\/\/centrostudigiorgiolapirabelmontemezzagno.it\/index.php\/ente-terzo-settore\/\" \/>\n<meta property=\"og:site_name\" content=\"Centro Studi Giorgio La Pira\" \/>\n<meta property=\"article:modified_time\" content=\"2025-06-24T07:53:57+00:00\" \/>\n<meta name=\"twitter:card\" content=\"summary_large_image\" \/>\n<meta name=\"twitter:label1\" content=\"Tempo di lettura stimato\" \/>\n\t<meta name=\"twitter:data1\" content=\"3 minuti\" \/>\n<script type=\"application\/ld+json\" class=\"yoast-schema-graph\">{\"@context\":\"https:\\\/\\\/schema.org\",\"@graph\":[{\"@type\":\"WebPage\",\"@id\":\"https:\\\/\\\/centrostudigiorgiolapirabelmontemezzagno.it\\\/index.php\\\/ente-terzo-settore\\\/\",\"url\":\"https:\\\/\\\/centrostudigiorgiolapirabelmontemezzagno.it\\\/index.php\\\/ente-terzo-settore\\\/\",\"name\":\"ENTE TERZO SETTORE - Centro Studi Giorgio La Pira\",\"isPartOf\":{\"@id\":\"https:\\\/\\\/centrostudigiorgiolapirabelmontemezzagno.it\\\/#website\"},\"datePublished\":\"2025-06-04T14:40:30+00:00\",\"dateModified\":\"2025-06-24T07:53:57+00:00\",\"description\":\"Il Centro Studi Giorgio La Pira \u00e8 un Ente del Terzo Settore (ETS) iscritto al Registro Unico Nazionale del Terzo Settore (RUNTS). Promuoviamo attivit\u00e0 culturali, formative e sociali ispirate ai valori della solidariet\u00e0, della cittadinanza attiva e del bene comune. Operiamo senza fini di lucro, con l\u2019obiettivo di contribuire allo sviluppo umano e civile della societ\u00e0. Scopri i nostri progetti, le finalit\u00e0 statutarie e le modalit\u00e0 per collaborare o sostenere le nostre attivit\u00e0\",\"breadcrumb\":{\"@id\":\"https:\\\/\\\/centrostudigiorgiolapirabelmontemezzagno.it\\\/index.php\\\/ente-terzo-settore\\\/#breadcrumb\"},\"inLanguage\":\"it-IT\",\"potentialAction\":[{\"@type\":\"ReadAction\",\"target\":[\"https:\\\/\\\/centrostudigiorgiolapirabelmontemezzagno.it\\\/index.php\\\/ente-terzo-settore\\\/\"]}]},{\"@type\":\"BreadcrumbList\",\"@id\":\"https:\\\/\\\/centrostudigiorgiolapirabelmontemezzagno.it\\\/index.php\\\/ente-terzo-settore\\\/#breadcrumb\",\"itemListElement\":[{\"@type\":\"ListItem\",\"position\":1,\"name\":\"Home\",\"item\":\"https:\\\/\\\/centrostudigiorgiolapirabelmontemezzagno.it\\\/\"},{\"@type\":\"ListItem\",\"position\":2,\"name\":\"ENTE TERZO SETTORE\"}]},{\"@type\":\"WebSite\",\"@id\":\"https:\\\/\\\/centrostudigiorgiolapirabelmontemezzagno.it\\\/#website\",\"url\":\"https:\\\/\\\/centrostudigiorgiolapirabelmontemezzagno.it\\\/\",\"name\":\"Centro Studi Giorgio La Pira\",\"description\":\"\",\"publisher\":{\"@id\":\"https:\\\/\\\/centrostudigiorgiolapirabelmontemezzagno.it\\\/#organization\"},\"alternateName\":\"Centro Studi Belmonte Mezzagno La Pira\",\"potentialAction\":[{\"@type\":\"SearchAction\",\"target\":{\"@type\":\"EntryPoint\",\"urlTemplate\":\"https:\\\/\\\/centrostudigiorgiolapirabelmontemezzagno.it\\\/?s={search_term_string}\"},\"query-input\":{\"@type\":\"PropertyValueSpecification\",\"valueRequired\":true,\"valueName\":\"search_term_string\"}}],\"inLanguage\":\"it-IT\"},{\"@type\":\"Organization\",\"@id\":\"https:\\\/\\\/centrostudigiorgiolapirabelmontemezzagno.it\\\/#organization\",\"name\":\"Centro Studi Giorgio La Pira\",\"url\":\"https:\\\/\\\/centrostudigiorgiolapirabelmontemezzagno.it\\\/\",\"logo\":{\"@type\":\"ImageObject\",\"inLanguage\":\"it-IT\",\"@id\":\"https:\\\/\\\/centrostudigiorgiolapirabelmontemezzagno.it\\\/#\\\/schema\\\/logo\\\/image\\\/\",\"url\":\"https:\\\/\\\/centrostudigiorgiolapirabelmontemezzagno.it\\\/wp-content\\\/uploads\\\/2025\\\/06\\\/LOGO-STUDIO-FINALE.png\",\"contentUrl\":\"https:\\\/\\\/centrostudigiorgiolapirabelmontemezzagno.it\\\/wp-content\\\/uploads\\\/2025\\\/06\\\/LOGO-STUDIO-FINALE.png\",\"width\":501,\"height\":498,\"caption\":\"Centro Studi Giorgio La Pira\"},\"image\":{\"@id\":\"https:\\\/\\\/centrostudigiorgiolapirabelmontemezzagno.it\\\/#\\\/schema\\\/logo\\\/image\\\/\"}}]}<\/script>\n<!-- \/ Yoast SEO plugin. -->","yoast_head_json":{"title":"ENTE TERZO SETTORE - Centro Studi Giorgio La Pira","description":"Il Centro Studi Giorgio La Pira \u00e8 un Ente del Terzo Settore (ETS) iscritto al Registro Unico Nazionale del Terzo Settore (RUNTS). Promuoviamo attivit\u00e0 culturali, formative e sociali ispirate ai valori della solidariet\u00e0, della cittadinanza attiva e del bene comune. Operiamo senza fini di lucro, con l\u2019obiettivo di contribuire allo sviluppo umano e civile della societ\u00e0. Scopri i nostri progetti, le finalit\u00e0 statutarie e le modalit\u00e0 per collaborare o sostenere le nostre attivit\u00e0","robots":{"index":"index","follow":"follow","max-snippet":"max-snippet:-1","max-image-preview":"max-image-preview:large","max-video-preview":"max-video-preview:-1"},"canonical":"https:\/\/centrostudigiorgiolapirabelmontemezzagno.it\/index.php\/ente-terzo-settore\/","og_locale":"it_IT","og_type":"article","og_title":"ENTE TERZO SETTORE - Centro Studi Giorgio La Pira","og_description":"Il Centro Studi Giorgio La Pira \u00e8 un Ente del Terzo Settore (ETS) iscritto al Registro Unico Nazionale del Terzo Settore (RUNTS). Promuoviamo attivit\u00e0 culturali, formative e sociali ispirate ai valori della solidariet\u00e0, della cittadinanza attiva e del bene comune. Operiamo senza fini di lucro, con l\u2019obiettivo di contribuire allo sviluppo umano e civile della societ\u00e0. Scopri i nostri progetti, le finalit\u00e0 statutarie e le modalit\u00e0 per collaborare o sostenere le nostre attivit\u00e0","og_url":"https:\/\/centrostudigiorgiolapirabelmontemezzagno.it\/index.php\/ente-terzo-settore\/","og_site_name":"Centro Studi Giorgio La Pira","article_modified_time":"2025-06-24T07:53:57+00:00","twitter_card":"summary_large_image","twitter_misc":{"Tempo di lettura stimato":"3 minuti"},"schema":{"@context":"https:\/\/schema.org","@graph":[{"@type":"WebPage","@id":"https:\/\/centrostudigiorgiolapirabelmontemezzagno.it\/index.php\/ente-terzo-settore\/","url":"https:\/\/centrostudigiorgiolapirabelmontemezzagno.it\/index.php\/ente-terzo-settore\/","name":"ENTE TERZO SETTORE - Centro Studi Giorgio La Pira","isPartOf":{"@id":"https:\/\/centrostudigiorgiolapirabelmontemezzagno.it\/#website"},"datePublished":"2025-06-04T14:40:30+00:00","dateModified":"2025-06-24T07:53:57+00:00","description":"Il Centro Studi Giorgio La Pira \u00e8 un Ente del Terzo Settore (ETS) iscritto al Registro Unico Nazionale del Terzo Settore (RUNTS). Promuoviamo attivit\u00e0 culturali, formative e sociali ispirate ai valori della solidariet\u00e0, della cittadinanza attiva e del bene comune. Operiamo senza fini di lucro, con l\u2019obiettivo di contribuire allo sviluppo umano e civile della societ\u00e0. Scopri i nostri progetti, le finalit\u00e0 statutarie e le modalit\u00e0 per collaborare o sostenere le nostre attivit\u00e0","breadcrumb":{"@id":"https:\/\/centrostudigiorgiolapirabelmontemezzagno.it\/index.php\/ente-terzo-settore\/#breadcrumb"},"inLanguage":"it-IT","potentialAction":[{"@type":"ReadAction","target":["https:\/\/centrostudigiorgiolapirabelmontemezzagno.it\/index.php\/ente-terzo-settore\/"]}]},{"@type":"BreadcrumbList","@id":"https:\/\/centrostudigiorgiolapirabelmontemezzagno.it\/index.php\/ente-terzo-settore\/#breadcrumb","itemListElement":[{"@type":"ListItem","position":1,"name":"Home","item":"https:\/\/centrostudigiorgiolapirabelmontemezzagno.it\/"},{"@type":"ListItem","position":2,"name":"ENTE TERZO SETTORE"}]},{"@type":"WebSite","@id":"https:\/\/centrostudigiorgiolapirabelmontemezzagno.it\/#website","url":"https:\/\/centrostudigiorgiolapirabelmontemezzagno.it\/","name":"Centro Studi Giorgio La Pira","description":"","publisher":{"@id":"https:\/\/centrostudigiorgiolapirabelmontemezzagno.it\/#organization"},"alternateName":"Centro Studi Belmonte Mezzagno La Pira","potentialAction":[{"@type":"SearchAction","target":{"@type":"EntryPoint","urlTemplate":"https:\/\/centrostudigiorgiolapirabelmontemezzagno.it\/?s={search_term_string}"},"query-input":{"@type":"PropertyValueSpecification","valueRequired":true,"valueName":"search_term_string"}}],"inLanguage":"it-IT"},{"@type":"Organization","@id":"https:\/\/centrostudigiorgiolapirabelmontemezzagno.it\/#organization","name":"Centro Studi Giorgio La Pira","url":"https:\/\/centrostudigiorgiolapirabelmontemezzagno.it\/","logo":{"@type":"ImageObject","inLanguage":"it-IT","@id":"https:\/\/centrostudigiorgiolapirabelmontemezzagno.it\/#\/schema\/logo\/image\/","url":"https:\/\/centrostudigiorgiolapirabelmontemezzagno.it\/wp-content\/uploads\/2025\/06\/LOGO-STUDIO-FINALE.png","contentUrl":"https:\/\/centrostudigiorgiolapirabelmontemezzagno.it\/wp-content\/uploads\/2025\/06\/LOGO-STUDIO-FINALE.png","width":501,"height":498,"caption":"Centro Studi Giorgio La Pira"},"image":{"@id":"https:\/\/centrostudigiorgiolapirabelmontemezzagno.it\/#\/schema\/logo\/image\/"}}]}},"_links":{"self":[{"href":"https:\/\/centrostudigiorgiolapirabelmontemezzagno.it\/index.php\/wp-json\/wp\/v2\/pages\/17","targetHints":{"allow":["GET"]}}],"collection":[{"href":"https:\/\/centrostudigiorgiolapirabelmontemezzagno.it\/index.php\/wp-json\/wp\/v2\/pages"}],"about":[{"href":"https:\/\/centrostudigiorgiolapirabelmontemezzagno.it\/index.php\/wp-json\/wp\/v2\/types\/page"}],"author":[{"embeddable":true,"href":"https:\/\/centrostudigiorgiolapirabelmontemezzagno.it\/index.php\/wp-json\/wp\/v2\/users\/1"}],"replies":[{"embeddable":true,"href":"https:\/\/centrostudigiorgiolapirabelmontemezzagno.it\/index.php\/wp-json\/wp\/v2\/comments?post=17"}],"version-history":[{"count":19,"href":"https:\/\/centrostudigiorgiolapirabelmontemezzagno.it\/index.php\/wp-json\/wp\/v2\/pages\/17\/revisions"}],"predecessor-version":[{"id":451,"href":"https:\/\/centrostudigiorgiolapirabelmontemezzagno.it\/index.php\/wp-json\/wp\/v2\/pages\/17\/revisions\/451"}],"wp:attachment":[{"href":"https:\/\/centrostudigiorgiolapirabelmontemezzagno.it\/index.php\/wp-json\/wp\/v2\/media?parent=17"}],"curies":[{"name":"wp","href":"https:\/\/api.w.org\/{rel}","templated":true}]}}